{"id":1769,"date":"2019-11-14T11:47:02","date_gmt":"2019-11-14T09:47:02","guid":{"rendered":"https:\/\/ceccararad.ro\/ro\/?page_id=1769"},"modified":"2020-07-14T17:45:30","modified_gmt":"2020-07-14T15:45:30","slug":"ziua-nationala-a-contabilului-roman","status":"publish","type":"page","link":"https:\/\/ceccarmures.ro\/ro\/evenimente\/ziua-nationala-a-contabilului-roman\/","title":{"rendered":"Ziua Na\u021bional\u0103 a Contabilului Rom\u00e2n"},"content":{"rendered":"<section   class=\"fw-main-row  auto  fw-section-position-back\"    >\n\t\t\t<div class=\"fw-container\" >\n\t\t<div class=\"fw-row\">\n\t<div id=\"column-69e14a2b00995\" class=\"fw-col-sm-12 tf-sh-4bf7de7076824fb4c351a6d1039d0743\" >\n\t<div class=\"fw-wrap-col-inner clearfix  \"   >\n\t\t\t\t<div class=\"fw-col-inner\">\n\t\t\t<div class=\"fw-text-box tf-sh-b4a496c23a94b122350f1c9e2210e50c \" >\n\t<div class=\"fw-text-inner\">\n\t\t<p><strong><span style=\"font-size: 12pt;\">Ziua Na\u0163ional\u0103 a Contabilului Rom\u00e2n<\/span><\/strong><\/p>\n\t<\/div>\n<\/div><div class=\"fw-divider-space space-sm  clearfix\"  ><\/div><div class=\"tf-sh-435841a89aa1e8b5e1a52a967d0eb145 fw-tabs fw-tabs-minimal fw-tabs-top \" >\n\t<ul class=\"nav nav-tabs nav-justified\">\n\t\t\t\t\t<li class=\"active\">\n\t\t\t\t<a href=\"#tab-cont-435841a89aa1e8b5e1a52a967d0eb145-1\" data-toggle=\"tab\">\n\t\t\t\t\t\n\t\t\t\t\t\t\t\t\t\t<span>ZNCR 2020<\/span>\n\t\t\t\t<\/a>\n\t\t\t<\/li>\n\t\t\t\t\t\t\t\t<li >\n\t\t\t\t<a href=\"#tab-cont-435841a89aa1e8b5e1a52a967d0eb145-2\" data-toggle=\"tab\">\n\t\t\t\t\t\n\t\t\t\t\t\t\t\t\t\t<span>ZNCR 2019<\/span>\n\t\t\t\t<\/a>\n\t\t\t<\/li>\n\t\t\t\t\t\t\t\t<li >\n\t\t\t\t<a href=\"#tab-cont-435841a89aa1e8b5e1a52a967d0eb145-3\" data-toggle=\"tab\">\n\t\t\t\t\t\n\t\t\t\t\t\t\t\t\t\t<span>ZNCR 2018<\/span>\n\t\t\t\t<\/a>\n\t\t\t<\/li>\n\t\t\t\t\t\t\t\t<li >\n\t\t\t\t<a href=\"#tab-cont-435841a89aa1e8b5e1a52a967d0eb145-4\" data-toggle=\"tab\">\n\t\t\t\t\t\n\t\t\t\t\t\t\t\t\t\t<span>ZNCR 2017<\/span>\n\t\t\t\t<\/a>\n\t\t\t<\/li>\n\t\t\t\t\t\t<\/ul>\n\n\t<div class=\"tab-content clearfix\">\n\t\t\t\t\t<div id=\"tab-cont-435841a89aa1e8b5e1a52a967d0eb145-1\"\n\t\t\t     class=\"tab-pane fade in active\">\n\t\t\t\t\n\t\t\t\t\t\t\t\t\t<p><img loading=\"lazy\" decoding=\"async\" class=\"aligncenter wp-image-3275 size-large\" src=\"https:\/\/ceccarmures.ro\/ro\/wp-content\/uploads\/2020\/07\/ZNCR-2020-1024x620.png\" alt=\"\" width=\"1024\" height=\"620\" srcset=\"https:\/\/ceccarmures.ro\/ro\/wp-content\/uploads\/2020\/07\/ZNCR-2020-1024x620.png 1024w, https:\/\/ceccarmures.ro\/ro\/wp-content\/uploads\/2020\/07\/ZNCR-2020-300x182.png 300w, https:\/\/ceccarmures.ro\/ro\/wp-content\/uploads\/2020\/07\/ZNCR-2020-768x465.png 768w, https:\/\/ceccarmures.ro\/ro\/wp-content\/uploads\/2020\/07\/ZNCR-2020-760x460.png 760w, https:\/\/ceccarmures.ro\/ro\/wp-content\/uploads\/2020\/07\/ZNCR-2020-1520x920.png 1520w\" sizes=\"auto, (max-width: 1024px) 100vw, 1024px\" \/><\/p><p>Corpul Exper\u021bilor Contabili \u0219i Contabililor Autoriza\u021bi din Rom\u00e2nia (CECCAR) \u2013 singurul organism abilitat pentru acordarea calific\u0103rilor profesionale de expert contabil \u0219i contabil autorizat \u2013 organizeaz\u0103, la 13 iulie a.c. \u2013 cu un an \u00eenaintea \u00eemplinirii unui secol de la reglementarea profesiei \u00een \u021bara noastr\u0103 \u2013, cea de-a XVI-a edi\u021bie a Zilei Na\u021bionale a Contabilului Rom\u00e2n.<\/p><p>2020 este, astfel, al 16-lea an \u00een care evenimentul aduce \u00een prim plan profesia din \u021bara noastr\u0103, subliniind importan\u021ba acesteia pentru mediul economic, pentru societate.<\/p><p>Tema evenimentului \u2013\u00a0<em>Contabilul, preg\u0103tit pentru viitor\u00a0<\/em>\u2013 va aduce \u00een discu\u021bie lec\u021biile \u00eenv\u0103\u021bate \u00een perioda de criz\u0103 \u2013 generat\u0103 de noul coronavirus \u2013, ce trebuie f\u0103cut \u00een astfel de situa\u021bii \u0219i ce nu trebuie f\u0103cut. Cu siguran\u021b\u0103 opiniile speciali\u0219tilor \u00een ceea ce prive\u0219te modul \u00een care au reu\u0219it s\u0103 transforme provoc\u0103rile \u00een oportunit\u0103\u021bi vor putea constitui modele de inspira\u021bie pentru mul\u021bi.<\/p><p>Reprezentan\u021bi ai institu\u021biilor \u0219i ai autorit\u0103\u021bilor de reglementare, ai mediului de afaceri \u0219i profesioni\u0219ti contabili se vor reuni \u2013 de aceast\u0103 dat\u0103 folosind tehnologia \u2013 \u0219i vor marca acest moment important pentru profesia contabil\u0103.<\/p><p>Desf\u0103\u0219urat sub sloganul\u00a0<em>Tradi\u021bie pentru viitor. Evolu\u0103m \u00eempreun\u0103!<\/em>, evenimentul este celebrat \u00een toat\u0103 \u021bara de c\u0103tre filialele CECCAR pentru recunoa\u0219terea oficial\u0103 a rolului pe care profesia contabil\u0103 \u0219i practican\u021bii acesteia \u2013 exper\u021bii contabili \u0219i contabilii autoriza\u021bi \u2013 \u00eel au \u00een economie \u0219i societate.<\/p><p>Ziua Na\u021bional\u0103 a Contabilului Rom\u00e2n reprezint\u0103 \u0219i un prilej de a eviden\u021bia \u00een mod public rezultatele muncii exper\u021bilor contabili \u0219i contabililor autoriza\u021bi, prin organizarea Topului local al membrilor CECCAR la nivelul fiec\u0103rei filiale a Corpului. Sunt recunoscute, astfel, performan\u021bele societ\u0103\u021bilor de expertiz\u0103 contabil\u0103 \u0219i de contabilitate, precum \u0219i ale exper\u021bilor contabili \u0219i contabililor autoriza\u021bi, \u00een semn de apreciere a aportului acestora la dezvoltarea profesiei \u0219i al mediului antreprenorial \u00een interes public.<\/p><p>Manifest\u0103rile dedicate Zilei Na\u021bionale a Contabilului Rom\u00e2n vor fi deschise la Bucure\u0219ti luni, 13 iulie a.c., \u00eencep\u00e2nd cu ora 13.00. Evenimentul va putea fi urm\u0103rit live pe\u00a0<a href=\"https:\/\/ceccartv.ro\/\" target=\"_blank\" rel=\"noopener noreferrer\">ceccartv.ro<\/a>.<\/p>\t\t\t\t\t\t\t<\/div>\n\t\t\t\t\t\t<div id=\"tab-cont-435841a89aa1e8b5e1a52a967d0eb145-2\"\n\t\t\t     class=\"tab-pane fade \">\n\t\t\t\t\n\t\t\t\t\t\t\t<\/div>\n\t\t\t\t\t\t<div id=\"tab-cont-435841a89aa1e8b5e1a52a967d0eb145-3\"\n\t\t\t     class=\"tab-pane fade \">\n\t\t\t\t\n\t\t\t\t\t\t\t<\/div>\n\t\t\t\t\t\t<div id=\"tab-cont-435841a89aa1e8b5e1a52a967d0eb145-4\"\n\t\t\t     class=\"tab-pane fade \">\n\t\t\t\t\n\t\t\t\t\t\t\t<\/div>\n\t\t\t\t<\/div>\n<\/div><div class=\"fw-divider-space space-sm  clearfix\"  ><\/div>\t\t<\/div>\n\t<\/div>\n<\/div><\/div>\n\n\t<\/div>\n\t<\/section>\n","protected":false},"excerpt":{"rendered":"<p>Ziua Na\u0163ional\u0103 a Contabilului Rom\u00e2n ZNCR 2020 ZNCR 2019 ZNCR 2018 ZNCR 2017 Corpul Exper\u021bilor Contabili \u0219i Contabililor Autoriza\u021bi din Rom\u00e2nia (CECCAR) \u2013 singurul organism abilitat pentru acordarea calific\u0103rilor profesionale de expert contabil \u0219i contabil [&hellip;]<\/p>\n","protected":false},"author":1,"featured_media":0,"parent":381,"menu_order":0,"comment_status":"closed","ping_status":"closed","template":"visual-builder-template.php","meta":{"footnotes":""},"class_list":["post-1769","page","type-page","status-publish","hentry"],"brizy_media":[],"_links":{"self":[{"href":"https:\/\/ceccarmures.ro\/ro\/wp-json\/wp\/v2\/pages\/1769","targetHints":{"allow":["GET"]}}],"collection":[{"href":"https:\/\/ceccarmures.ro\/ro\/wp-json\/wp\/v2\/pages"}],"about":[{"href":"https:\/\/ceccarmures.ro\/ro\/wp-json\/wp\/v2\/types\/page"}],"author":[{"embeddable":true,"href":"https:\/\/ceccarmures.ro\/ro\/wp-json\/wp\/v2\/users\/1"}],"replies":[{"embeddable":true,"href":"https:\/\/ceccarmures.ro\/ro\/wp-json\/wp\/v2\/comments?post=1769"}],"version-history":[{"count":5,"href":"https:\/\/ceccarmures.ro\/ro\/wp-json\/wp\/v2\/pages\/1769\/revisions"}],"predecessor-version":[{"id":3359,"href":"https:\/\/ceccarmures.ro\/ro\/wp-json\/wp\/v2\/pages\/1769\/revisions\/3359"}],"up":[{"embeddable":true,"href":"https:\/\/ceccarmures.ro\/ro\/wp-json\/wp\/v2\/pages\/381"}],"wp:attachment":[{"href":"https:\/\/ceccarmures.ro\/ro\/wp-json\/wp\/v2\/media?parent=1769"}],"curies":[{"name":"wp","href":"https:\/\/api.w.org\/{rel}","templated":true}]}}